{"id":3,"date":"2026-01-22T17:39:00","date_gmt":"2026-01-22T17:39:00","guid":{"rendered":"https:\/\/expat-mauritius.com\/?page_id=3"},"modified":"2026-02-02T11:16:10","modified_gmt":"2026-02-02T11:16:10","slug":"legal-notices","status":"publish","type":"page","link":"https:\/\/expat-mauritius.com\/en\/mentions-legales\/","title":{"rendered":"Legal Notices"},"content":{"rendered":"<p> .<\/p>\n\n\n\n<p> .<\/p>\n\n\n\n<p> .<\/p>\n\n\n\n<h2 class=\"wp-block-heading\">Website Publisher\/Operator<\/h2>\n\n\n\n<p>The site is operated by:<\/p>\n\n\n\n<p><strong>Expat Living (Mauritius) Ltd<\/strong><br>Limited Liability Company (Ltd)<br>Registered in Mauritius under number <strong>BRN C25228503<\/strong><\/p>\n\n\n\n<p>Head office:<br>CHARETTE ROAD \u2013 COASTAL ROAD<br>31201 ROCHES NOIRES<br>RIVER OF THE RAMPART<br>MAURITIUS<\/p>\n\n\n\n<p>Legal representative:<br><strong>Clothilde JUPIN DE FONDAUMIERE<\/strong><\/p>\n\n\n\n<p>E-mail address :<br><strong><a>contact@expat-mauritius.com<\/a><\/strong><\/p>\n\n\n\n<hr class=\"wp-block-separator has-alpha-channel-opacity\"\/>\n\n\n\n<h3 class=\"wp-block-heading\">Design and maintenance<\/h3>\n\n\n\n<p>Site designed, developed and maintained by:<\/p>\n\n\n\n<p><strong>Sharp Articles<\/strong><br>51 rue de Monceau<br>75008 Paris \u2013 France<\/p>\n\n\n\n<hr class=\"wp-block-separator has-alpha-channel-opacity\"\/>\n\n\n\n<h3 class=\"wp-block-heading\">Accommodation<\/h3>\n\n\n\n<p>The site is hosted by:<\/p>\n\n\n\n<p><strong>Hostinger<\/strong><br>Hostinger International Limited<br>61 Lordou Vironos str., 6023 Larnaca, Cyprus<br>Telephone: +370 645 03378<br>Contact: https:\/\/www.hostinger.com\/contacts<\/p>\n\n\n\n<hr class=\"wp-block-separator has-alpha-channel-opacity\"\/>\n\n\n\n<h3 class=\"wp-block-heading\">Intellectual property<\/h3>\n\n\n\n<p>The entire site (structure, texts, content, graphic elements, logos, etc.) is protected by intellectual property law.<\/p>\n\n\n\n<p>The site&#039;s ownership rights belong to <strong>Sharp Articles<\/strong>.<br>The content is used by <strong>Expat Living (Mauritius) Ltd<\/strong> within the framework of a service contract.<\/p>\n\n\n\n<p>Any reproduction, representation or exploitation, in whole or in part, without prior written authorization is prohibited.<\/p>\n\n\n\n<hr class=\"wp-block-separator has-alpha-channel-opacity\"\/>\n\n\n\n<h3 class=\"wp-block-heading\">Responsibility<\/h3>\n\n\n\n<p>The site operator strives to provide accurate and up-to-date information.<br>He cannot be held responsible for errors, omissions or temporary unavailability of the site.<\/p>\n\n\n\n<hr class=\"wp-block-separator has-alpha-channel-opacity\"\/>\n\n\n\n<h3 class=\"wp-block-heading\">Personal data<\/h3>\n\n\n\n<p>Any data collected via the site is strictly necessary for processing requests.<\/p>\n\n\n\n<p>No data is sold or given to third parties.<\/p>\n\n\n\n<p>Any request for access, rectification or deletion can be addressed to:<br><strong><a>contact@expat-mauritius.com<\/a><\/strong><\/p>","protected":false},"excerpt":{"rendered":"<p>. . . \u00c9diteur \/ Exploitant du site Le site est exploit\u00e9 par : Expat Living (Mauritius) LtdSoci\u00e9t\u00e9 \u00e0 responsabilit\u00e9 limit\u00e9e (Ltd)Immatricul\u00e9e \u00e0 l\u2019\u00cele Maurice sous le num\u00e9ro BRN C25228503 Si\u00e8ge social :CHEMIN CHARETTE \u2013 COASTAL ROAD31201 ROCHES NOIRESRIVIERE DU REMPARTMAURITIUS Responsable l\u00e9gal :Clothilde JUPIN DE FONDAUMIERE Adresse e-mail :contact@expat-mauritius.com Conception et maintenance Site con\u00e7u, [&hellip;]<\/p>\n","protected":false},"author":1,"featured_media":0,"parent":0,"menu_order":0,"comment_status":"closed","ping_status":"closed","template":"","meta":{"footnotes":""},"class_list":["post-3","page","type-page","status-publish","hentry"],"_links":{"self":[{"href":"https:\/\/expat-mauritius.com\/en\/wp-json\/wp\/v2\/pages\/3","targetHints":{"allow":["GET"]}}],"collection":[{"href":"https:\/\/expat-mauritius.com\/en\/wp-json\/wp\/v2\/pages"}],"about":[{"href":"https:\/\/expat-mauritius.com\/en\/wp-json\/wp\/v2\/types\/page"}],"author":[{"embeddable":true,"href":"https:\/\/expat-mauritius.com\/en\/wp-json\/wp\/v2\/users\/1"}],"replies":[{"embeddable":true,"href":"https:\/\/expat-mauritius.com\/en\/wp-json\/wp\/v2\/comments?post=3"}],"version-history":[{"count":5,"href":"https:\/\/expat-mauritius.com\/en\/wp-json\/wp\/v2\/pages\/3\/revisions"}],"predecessor-version":[{"id":601,"href":"https:\/\/expat-mauritius.com\/en\/wp-json\/wp\/v2\/pages\/3\/revisions\/601"}],"wp:attachment":[{"href":"https:\/\/expat-mauritius.com\/en\/wp-json\/wp\/v2\/media?parent=3"}],"curies":[{"name":"wp","href":"https:\/\/api.w.org\/{rel}","templated":true}]}}