{"id":3,"date":"2026-01-22T17:39:00","date_gmt":"2026-01-22T17:39:00","guid":{"rendered":"https:\/\/expat-mauritius.com\/?page_id=3"},"modified":"2026-02-02T11:16:10","modified_gmt":"2026-02-02T11:16:10","slug":"avisos-legales","status":"publish","type":"page","link":"https:\/\/expat-mauritius.com\/es\/mentions-legales\/","title":{"rendered":"Avisos legales"},"content":{"rendered":"<p> .<\/p>\n\n\n\n<p> .<\/p>\n\n\n\n<p> .<\/p>\n\n\n\n<h2 class=\"wp-block-heading\">Editor\/operador del sitio web<\/h2>\n\n\n\n<p>El sitio es operado por:<\/p>\n\n\n\n<p><strong>Expat Living (Mauricio) Ltd<\/strong><br>Sociedad de responsabilidad limitada (Ltd)<br>Registrada en Mauricio con el n\u00famero <strong>BRN C25228503<\/strong><\/p>\n\n\n\n<p>Oficina central:<br>CARRETERA DE CHARETTE \u2013 CARRETERA DE LA COSTA<br>31201 ROCHES NOIRES<br>R\u00cdO DE LA MURALLA<br>MAURICIO<\/p>\n\n\n\n<p>Representante legal:<br><strong>Clotilde JUPIN DE FONDAUMIERE<\/strong><\/p>\n\n\n\n<p>Direcci\u00f3n de correo electr\u00f3nico :<br><strong><a>contact@expat-mauritius.com<\/a><\/strong><\/p>\n\n\n\n<hr class=\"wp-block-separator has-alpha-channel-opacity\"\/>\n\n\n\n<h3 class=\"wp-block-heading\">Dise\u00f1o y mantenimiento<\/h3>\n\n\n\n<p>Sitio dise\u00f1ado, desarrollado y mantenido por:<\/p>\n\n\n\n<p><strong>Art\u00edculos afilados<\/strong><br>51 calle de Monceau<br>75008 Par\u00eds \u2013 Francia<\/p>\n\n\n\n<hr class=\"wp-block-separator has-alpha-channel-opacity\"\/>\n\n\n\n<h3 class=\"wp-block-heading\">Alojamiento<\/h3>\n\n\n\n<p>El sitio est\u00e1 alojado por:<\/p>\n\n\n\n<p><strong>Hostinger<\/strong><br>Hostinger International Limited<br>Calle Lordou Vironos 61, 6023 Larnaca, Chipre<br>Tel\u00e9fono: +370 645 03378<br>Contacto: https:\/\/www.hostinger.com\/contacts<\/p>\n\n\n\n<hr class=\"wp-block-separator has-alpha-channel-opacity\"\/>\n\n\n\n<h3 class=\"wp-block-heading\">Propiedad intelectual<\/h3>\n\n\n\n<p>Todo el sitio (estructura, textos, contenidos, elementos gr\u00e1ficos, logotipos, etc.) est\u00e1 protegido por la legislaci\u00f3n sobre propiedad intelectual.<\/p>\n\n\n\n<p>Los derechos de propiedad del sitio pertenecen a <strong>Art\u00edculos afilados<\/strong>.<br>El contenido es utilizado por <strong>Expat Living (Mauricio) Ltd<\/strong> en el marco de un contrato de servicios.<\/p>\n\n\n\n<p>Cualquier reproducci\u00f3n, representaci\u00f3n o explotaci\u00f3n, total o parcial, sin autorizaci\u00f3n previa por escrito queda prohibida.<\/p>\n\n\n\n<hr class=\"wp-block-separator has-alpha-channel-opacity\"\/>\n\n\n\n<h3 class=\"wp-block-heading\">Responsabilidad<\/h3>\n\n\n\n<p>El operador del sitio se esfuerza por proporcionar informaci\u00f3n precisa y actualizada.<br>No se hace responsable de errores, omisiones o indisponibilidad temporal del sitio.<\/p>\n\n\n\n<hr class=\"wp-block-separator has-alpha-channel-opacity\"\/>\n\n\n\n<h3 class=\"wp-block-heading\">Datos personales<\/h3>\n\n\n\n<p>Cualquier dato recopilado a trav\u00e9s del sitio es estrictamente necesario para procesar las solicitudes.<\/p>\n\n\n\n<p>Ning\u00fan dato se vende ni se cede a terceros.<\/p>\n\n\n\n<p>Cualquier solicitud de acceso, rectificaci\u00f3n o supresi\u00f3n podr\u00e1 dirigirse a:<br><strong><a>contact@expat-mauritius.com<\/a><\/strong><\/p>","protected":false},"excerpt":{"rendered":"<p>. . . \u00c9diteur \/ Exploitant du site Le site est exploit\u00e9 par : Expat Living (Mauritius) LtdSoci\u00e9t\u00e9 \u00e0 responsabilit\u00e9 limit\u00e9e (Ltd)Immatricul\u00e9e \u00e0 l\u2019\u00cele Maurice sous le num\u00e9ro BRN C25228503 Si\u00e8ge social :CHEMIN CHARETTE \u2013 COASTAL ROAD31201 ROCHES NOIRESRIVIERE DU REMPARTMAURITIUS Responsable l\u00e9gal :Clothilde JUPIN DE FONDAUMIERE Adresse e-mail :contact@expat-mauritius.com Conception et maintenance Site con\u00e7u, [&hellip;]<\/p>\n","protected":false},"author":1,"featured_media":0,"parent":0,"menu_order":0,"comment_status":"closed","ping_status":"closed","template":"","meta":{"footnotes":""},"class_list":["post-3","page","type-page","status-publish","hentry"],"_links":{"self":[{"href":"https:\/\/expat-mauritius.com\/es\/wp-json\/wp\/v2\/pages\/3","targetHints":{"allow":["GET"]}}],"collection":[{"href":"https:\/\/expat-mauritius.com\/es\/wp-json\/wp\/v2\/pages"}],"about":[{"href":"https:\/\/expat-mauritius.com\/es\/wp-json\/wp\/v2\/types\/page"}],"author":[{"embeddable":true,"href":"https:\/\/expat-mauritius.com\/es\/wp-json\/wp\/v2\/users\/1"}],"replies":[{"embeddable":true,"href":"https:\/\/expat-mauritius.com\/es\/wp-json\/wp\/v2\/comments?post=3"}],"version-history":[{"count":5,"href":"https:\/\/expat-mauritius.com\/es\/wp-json\/wp\/v2\/pages\/3\/revisions"}],"predecessor-version":[{"id":601,"href":"https:\/\/expat-mauritius.com\/es\/wp-json\/wp\/v2\/pages\/3\/revisions\/601"}],"wp:attachment":[{"href":"https:\/\/expat-mauritius.com\/es\/wp-json\/wp\/v2\/media?parent=3"}],"curies":[{"name":"wp","href":"https:\/\/api.w.org\/{rel}","templated":true}]}}