{"id":3,"date":"2026-01-22T17:39:00","date_gmt":"2026-01-22T17:39:00","guid":{"rendered":"https:\/\/expat-mauritius.com\/?page_id=3"},"modified":"2026-02-02T11:16:10","modified_gmt":"2026-02-02T11:16:10","slug":"note-legali","status":"publish","type":"page","link":"https:\/\/expat-mauritius.com\/it\/mentions-legales\/","title":{"rendered":"Avvisi legali"},"content":{"rendered":"<p> .<\/p>\n\n\n\n<p> .<\/p>\n\n\n\n<p> .<\/p>\n\n\n\n<h2 class=\"wp-block-heading\">Editore\/gestore del sito web<\/h2>\n\n\n\n<p>Il sito \u00e8 gestito da:<\/p>\n\n\n\n<p><strong>Expat Living (Mauritius) Ltd<\/strong><br>Societ\u00e0 a responsabilit\u00e0 limitata (Ltd)<br>Registrata a Mauritius con il numero <strong>BRN C25228503<\/strong><\/p>\n\n\n\n<p>Direzione:<br>STRADA CHARETTE \u2013 STRADA COSTIERA<br>31201 ROCHES NOIRES<br>FIUME DEL RAMPART<br>MAURITIUS<\/p>\n\n\n\n<p>Rappresentante legale:<br><strong>Clothilde JUPIN DE FONDAUMIERE<\/strong><\/p>\n\n\n\n<p>Indirizzo e-mail :<br><strong><a>contact@expat-mauritius.com<\/a><\/strong><\/p>\n\n\n\n<hr class=\"wp-block-separator has-alpha-channel-opacity\"\/>\n\n\n\n<h3 class=\"wp-block-heading\">Progettazione e manutenzione<\/h3>\n\n\n\n<p>Sito web progettato, sviluppato e gestito da:<\/p>\n\n\n\n<p><strong>Articoli taglienti<\/strong><br>51 rue de Monceau<br>75008 Parigi \u2013 Francia<\/p>\n\n\n\n<hr class=\"wp-block-separator has-alpha-channel-opacity\"\/>\n\n\n\n<h3 class=\"wp-block-heading\">Alloggio<\/h3>\n\n\n\n<p>Il sito \u00e8 ospitato da:<\/p>\n\n\n\n<p><strong>Hostinger<\/strong><br>Hostinger International Limited<br>Via Lordou Vironos 61, 6023 Larnaca, Cipro<br>Telefono: +370 645 03378<br>Contatti: https:\/\/www.hostinger.com\/contacts<\/p>\n\n\n\n<hr class=\"wp-block-separator has-alpha-channel-opacity\"\/>\n\n\n\n<h3 class=\"wp-block-heading\">Propriet\u00e0 intellettuale<\/h3>\n\n\n\n<p>L&#039;intero sito (struttura, testi, contenuti, elementi grafici, loghi, ecc.) \u00e8 protetto dalle leggi sulla propriet\u00e0 intellettuale.<\/p>\n\n\n\n<p>I diritti di propriet\u00e0 del sito appartengono a <strong>Articoli taglienti<\/strong>.<br>Il contenuto viene utilizzato da <strong>Expat Living (Mauritius) Ltd<\/strong> nell&#039;ambito di un contratto di servizio.<\/p>\n\n\n\n<p>\u00c8 vietata qualsiasi riproduzione, rappresentazione o sfruttamento, totale o parziale, senza previa autorizzazione scritta.<\/p>\n\n\n\n<hr class=\"wp-block-separator has-alpha-channel-opacity\"\/>\n\n\n\n<h3 class=\"wp-block-heading\">Responsabilit\u00e0<\/h3>\n\n\n\n<p>Il gestore del sito si impegna a fornire informazioni accurate e aggiornate.<br>Non pu\u00f2 essere ritenuto responsabile per errori, omissioni o temporanea indisponibilit\u00e0 del sito.<\/p>\n\n\n\n<hr class=\"wp-block-separator has-alpha-channel-opacity\"\/>\n\n\n\n<h3 class=\"wp-block-heading\">Dati personali<\/h3>\n\n\n\n<p>Tutti i dati raccolti tramite il sito sono strettamente necessari per l&#039;elaborazione delle richieste.<\/p>\n\n\n\n<p>Nessun dato viene venduto o ceduto a terzi.<\/p>\n\n\n\n<p>Qualsiasi richiesta di accesso, rettifica o cancellazione pu\u00f2 essere indirizzata a:<br><strong><a>contact@expat-mauritius.com<\/a><\/strong><\/p>","protected":false},"excerpt":{"rendered":"<p>. . . \u00c9diteur \/ Exploitant du site Le site est exploit\u00e9 par : Expat Living (Mauritius) LtdSoci\u00e9t\u00e9 \u00e0 responsabilit\u00e9 limit\u00e9e (Ltd)Immatricul\u00e9e \u00e0 l\u2019\u00cele Maurice sous le num\u00e9ro BRN C25228503 Si\u00e8ge social :CHEMIN CHARETTE \u2013 COASTAL ROAD31201 ROCHES NOIRESRIVIERE DU REMPARTMAURITIUS Responsable l\u00e9gal :Clothilde JUPIN DE FONDAUMIERE Adresse e-mail :contact@expat-mauritius.com Conception et maintenance Site con\u00e7u, [&hellip;]<\/p>\n","protected":false},"author":1,"featured_media":0,"parent":0,"menu_order":0,"comment_status":"closed","ping_status":"closed","template":"","meta":{"footnotes":""},"class_list":["post-3","page","type-page","status-publish","hentry"],"_links":{"self":[{"href":"https:\/\/expat-mauritius.com\/it\/wp-json\/wp\/v2\/pages\/3","targetHints":{"allow":["GET"]}}],"collection":[{"href":"https:\/\/expat-mauritius.com\/it\/wp-json\/wp\/v2\/pages"}],"about":[{"href":"https:\/\/expat-mauritius.com\/it\/wp-json\/wp\/v2\/types\/page"}],"author":[{"embeddable":true,"href":"https:\/\/expat-mauritius.com\/it\/wp-json\/wp\/v2\/users\/1"}],"replies":[{"embeddable":true,"href":"https:\/\/expat-mauritius.com\/it\/wp-json\/wp\/v2\/comments?post=3"}],"version-history":[{"count":5,"href":"https:\/\/expat-mauritius.com\/it\/wp-json\/wp\/v2\/pages\/3\/revisions"}],"predecessor-version":[{"id":601,"href":"https:\/\/expat-mauritius.com\/it\/wp-json\/wp\/v2\/pages\/3\/revisions\/601"}],"wp:attachment":[{"href":"https:\/\/expat-mauritius.com\/it\/wp-json\/wp\/v2\/media?parent=3"}],"curies":[{"name":"wp","href":"https:\/\/api.w.org\/{rel}","templated":true}]}}